{"id":3867,"date":"2026-04-20T08:16:46","date_gmt":"2026-04-20T08:16:46","guid":{"rendered":"https:\/\/sofapiano.com\/?page_id=3867"},"modified":"2026-04-20T09:09:39","modified_gmt":"2026-04-20T09:09:39","slug":"terms-of-use","status":"publish","type":"page","link":"https:\/\/sofapiano.com\/es\/terms-of-use\/","title":{"rendered":"Terms of Use"},"content":{"rendered":"<div data-elementor-type=\"wp-page\" data-elementor-id=\"3867\" class=\"elementor elementor-3867\">\n\t\t\t\t<div class=\"elementor-element elementor-element-5fb9d73b e-flex e-con-boxed e-con e-parent\" data-id=\"5fb9d73b\" data-element_type=\"container\" data-e-type=\"container\" data-settings=\"{&quot;background_background&quot;:&quot;classic&quot;}\">\n\t\t\t\t\t<div class=\"e-con-inner\">\n\t\t\t\t<div class=\"elementor-element elementor-element-544312cb premium-nav-hor premium-nav-none premium-ham-dropdown elementor-widget elementor-widget-premium-nav-menu\" data-id=\"544312cb\" data-element_type=\"widget\" data-e-type=\"widget\" data-settings=\"{&quot;submenu_icon&quot;:{&quot;value&quot;:&quot;fas fa-angle-down&quot;,&quot;library&quot;:&quot;fa-solid&quot;},&quot;submenu_item_icon&quot;:{&quot;value&quot;:&quot;&quot;,&quot;library&quot;:&quot;&quot;}}\" data-widget_type=\"premium-nav-menu.default\">\n\t\t\t\t<div class=\"elementor-widget-container\">\n\t\t\t\t\t\t\t<div data-settings=\"{&quot;breakpoint&quot;:1024,&quot;mobileLayout&quot;:&quot;dropdown&quot;,&quot;mainLayout&quot;:&quot;hor&quot;,&quot;stretchDropdown&quot;:true,&quot;hoverEffect&quot;:&quot;&quot;,&quot;submenuEvent&quot;:&quot;hover&quot;,&quot;submenuTrigger&quot;:&quot;item&quot;,&quot;closeAfterClick&quot;:false,&quot;renderMobileMenu&quot;:true}\" class=\"premium-nav-widget-container premium-nav-pointer-none premium-stretch-dropdown\" style=\"visibility:hidden; opacity:0;\">\n\t\t\t<div class=\"premium-ver-inner-container\">\n\t\t\t\t\t\t\t\t\t<div class=\"premium-hamburger-toggle premium-mobile-menu-icon\" role=\"button\" aria-label=\"Toggle Menu\">\n\t\t\t\t\t\t<span class=\"premium-toggle-text\">\n\t\t\t\t\t\t\t<i aria-hidden=\"true\" class=\"fas fa-bars\"><\/i>\t\t\t\t\t\t<\/span>\n\t\t\t\t\t\t<span class=\"premium-toggle-close\">\n\t\t\t\t\t\t\t<i aria-hidden=\"true\" class=\"fas fa-times\"><\/i>\t\t\t\t\t\t<\/span>\n\t\t\t\t\t<\/div>\n\t\t\t\t\t\t\t\t\t\t\t<div class=\"premium-nav-menu-container premium-nav-default\">\n\t\t\t\t\t\t\t<ul id=\"menu-header-a1-b2\" class=\"premium-nav-menu premium-main-nav-menu\"><li id=\"premium-nav-menu-item-467\" class=\"menu-item menu-item-type-custom menu-item-object-custom menu-item-has-children premium-nav-menu-item premium-item-anchor\"><a href=\"#\" class=\"premium-menu-link premium-menu-link-parent premium-lq__none\">Alem\u00e1n A1<i class=\"fas fa-angle-down premium-dropdown-icon\"><\/i><\/a>\n<ul class=\"premium-sub-menu premium-lq__none\">\n\t<li id=\"premium-nav-menu-item-83\" class=\"menu-item menu-item-type-post_type menu-item-object-page premium-nav-menu-item premium-sub-menu-item\"><a href=\"https:\/\/sofapiano.com\/es\/a1-real-life-sentences\/\" class=\"premium-menu-link premium-sub-menu-link\">Frases cotidianas<\/a><\/li>\n\t<li id=\"premium-nav-menu-item-86\" class=\"menu-item menu-item-type-post_type menu-item-object-page premium-nav-menu-item premium-sub-menu-item\"><a href=\"https:\/\/sofapiano.com\/es\/a1-grammar-in-context\/\" class=\"premium-menu-link premium-sub-menu-link\">Gram\u00e1tica en contexto<\/a><\/li>\n<\/ul>\n<\/li>\n<li id=\"premium-nav-menu-item-468\" class=\"menu-item menu-item-type-custom menu-item-object-custom menu-item-has-children premium-nav-menu-item premium-item-anchor\"><a href=\"#\" class=\"premium-menu-link premium-menu-link-parent premium-lq__none\">Alem\u00e1n A2<i class=\"fas fa-angle-down premium-dropdown-icon\"><\/i><\/a>\n<ul class=\"premium-sub-menu premium-lq__none\">\n\t<li id=\"premium-nav-menu-item-479\" class=\"menu-item menu-item-type-post_type menu-item-object-page premium-nav-menu-item premium-sub-menu-item\"><a href=\"https:\/\/sofapiano.com\/es\/a2-real-life-sentences\/\" class=\"premium-menu-link premium-sub-menu-link\">Frases cotidianas<\/a><\/li>\n\t<li id=\"premium-nav-menu-item-481\" class=\"menu-item menu-item-type-post_type menu-item-object-page premium-nav-menu-item premium-sub-menu-item\"><a href=\"https:\/\/sofapiano.com\/es\/a2-grammar-in-context\/\" class=\"premium-menu-link premium-sub-menu-link\">Gram\u00e1tica en contexto<\/a><\/li>\n<\/ul>\n<\/li>\n<li id=\"premium-nav-menu-item-469\" class=\"menu-item menu-item-type-custom menu-item-object-custom menu-item-has-children premium-nav-menu-item premium-item-anchor\"><a href=\"#\" class=\"premium-menu-link premium-menu-link-parent premium-lq__none\">Alem\u00e1n B1<i class=\"fas fa-angle-down premium-dropdown-icon\"><\/i><\/a>\n<ul class=\"premium-sub-menu premium-lq__none\">\n\t<li id=\"premium-nav-menu-item-489\" class=\"menu-item menu-item-type-post_type menu-item-object-page premium-nav-menu-item premium-sub-menu-item\"><a href=\"https:\/\/sofapiano.com\/es\/b1-real-life-sentences\/\" class=\"premium-menu-link premium-sub-menu-link\">Frases cotidianas<\/a><\/li>\n\t<li id=\"premium-nav-menu-item-503\" class=\"menu-item menu-item-type-post_type menu-item-object-page premium-nav-menu-item premium-sub-menu-item\"><a href=\"https:\/\/sofapiano.com\/es\/b1-grammar-in-context\/\" class=\"premium-menu-link premium-sub-menu-link\">Gram\u00e1tica en contexto<\/a><\/li>\n<\/ul>\n<\/li>\n<li id=\"premium-nav-menu-item-470\" class=\"menu-item menu-item-type-custom menu-item-object-custom menu-item-has-children premium-nav-menu-item premium-item-anchor\"><a href=\"#\" class=\"premium-menu-link premium-menu-link-parent premium-lq__none\">Alem\u00e1n B2<i class=\"fas fa-angle-down premium-dropdown-icon\"><\/i><\/a>\n<ul class=\"premium-sub-menu premium-lq__none\">\n\t<li id=\"premium-nav-menu-item-492\" class=\"menu-item menu-item-type-post_type menu-item-object-page premium-nav-menu-item premium-sub-menu-item\"><a href=\"https:\/\/sofapiano.com\/es\/b2-real-life-sentences\/\" class=\"premium-menu-link premium-sub-menu-link\">Frases cotidianas<\/a><\/li>\n\t<li id=\"premium-nav-menu-item-506\" class=\"menu-item menu-item-type-post_type menu-item-object-page premium-nav-menu-item premium-sub-menu-item\"><a href=\"https:\/\/sofapiano.com\/es\/b2-grammar-in-context\/\" class=\"premium-menu-link premium-sub-menu-link\">Gram\u00e1tica en contexto<\/a><\/li>\n<\/ul>\n<\/li>\n<\/ul>\t\t\t\t\t\t<\/div>\n\t\t\t\t\t\t\t\t\t\t\t\t<div class=\"premium-mobile-menu-container\">\n\t\t\t\t\t\t\t\t\t\t\t\t\t\t\t<ul id=\"menu-header-a1-b2-1\" class=\"premium-mobile-menu premium-main-mobile-menu premium-main-nav-menu\"><li id=\"premium-nav-menu-item-4671\" class=\"menu-item menu-item-type-custom menu-item-object-custom menu-item-has-children premium-nav-menu-item premium-item-anchor\"><a href=\"#\" class=\"premium-menu-link premium-menu-link-parent premium-lq__none\">Alem\u00e1n A1<i class=\"fas fa-angle-down premium-dropdown-icon\"><\/i><\/a>\n<ul class=\"premium-sub-menu premium-lq__none\">\n\t<li id=\"premium-nav-menu-item-832\" class=\"menu-item menu-item-type-post_type menu-item-object-page premium-nav-menu-item premium-sub-menu-item\"><a href=\"https:\/\/sofapiano.com\/es\/a1-real-life-sentences\/\" class=\"premium-menu-link premium-sub-menu-link\">Frases cotidianas<\/a><\/li>\n\t<li id=\"premium-nav-menu-item-863\" class=\"menu-item menu-item-type-post_type menu-item-object-page premium-nav-menu-item premium-sub-menu-item\"><a href=\"https:\/\/sofapiano.com\/es\/a1-grammar-in-context\/\" class=\"premium-menu-link premium-sub-menu-link\">Gram\u00e1tica en contexto<\/a><\/li>\n<\/ul>\n<\/li>\n<li id=\"premium-nav-menu-item-4684\" class=\"menu-item menu-item-type-custom menu-item-object-custom menu-item-has-children premium-nav-menu-item premium-item-anchor\"><a href=\"#\" class=\"premium-menu-link premium-menu-link-parent premium-lq__none\">Alem\u00e1n A2<i class=\"fas fa-angle-down premium-dropdown-icon\"><\/i><\/a>\n<ul class=\"premium-sub-menu premium-lq__none\">\n\t<li id=\"premium-nav-menu-item-4795\" class=\"menu-item menu-item-type-post_type menu-item-object-page premium-nav-menu-item premium-sub-menu-item\"><a href=\"https:\/\/sofapiano.com\/es\/a2-real-life-sentences\/\" class=\"premium-menu-link premium-sub-menu-link\">Frases cotidianas<\/a><\/li>\n\t<li id=\"premium-nav-menu-item-4816\" class=\"menu-item menu-item-type-post_type menu-item-object-page premium-nav-menu-item premium-sub-menu-item\"><a href=\"https:\/\/sofapiano.com\/es\/a2-grammar-in-context\/\" class=\"premium-menu-link premium-sub-menu-link\">Gram\u00e1tica en contexto<\/a><\/li>\n<\/ul>\n<\/li>\n<li id=\"premium-nav-menu-item-4697\" class=\"menu-item menu-item-type-custom menu-item-object-custom menu-item-has-children premium-nav-menu-item premium-item-anchor\"><a href=\"#\" class=\"premium-menu-link premium-menu-link-parent premium-lq__none\">Alem\u00e1n B1<i class=\"fas fa-angle-down premium-dropdown-icon\"><\/i><\/a>\n<ul class=\"premium-sub-menu premium-lq__none\">\n\t<li id=\"premium-nav-menu-item-4898\" class=\"menu-item menu-item-type-post_type menu-item-object-page premium-nav-menu-item premium-sub-menu-item\"><a href=\"https:\/\/sofapiano.com\/es\/b1-real-life-sentences\/\" class=\"premium-menu-link premium-sub-menu-link\">Frases cotidianas<\/a><\/li>\n\t<li id=\"premium-nav-menu-item-5039\" class=\"menu-item menu-item-type-post_type menu-item-object-page premium-nav-menu-item premium-sub-menu-item\"><a href=\"https:\/\/sofapiano.com\/es\/b1-grammar-in-context\/\" class=\"premium-menu-link premium-sub-menu-link\">Gram\u00e1tica en contexto<\/a><\/li>\n<\/ul>\n<\/li>\n<li id=\"premium-nav-menu-item-47010\" class=\"menu-item menu-item-type-custom menu-item-object-custom menu-item-has-children premium-nav-menu-item premium-item-anchor\"><a href=\"#\" class=\"premium-menu-link premium-menu-link-parent premium-lq__none\">Alem\u00e1n B2<i class=\"fas fa-angle-down premium-dropdown-icon\"><\/i><\/a>\n<ul class=\"premium-sub-menu premium-lq__none\">\n\t<li id=\"premium-nav-menu-item-49211\" class=\"menu-item menu-item-type-post_type menu-item-object-page premium-nav-menu-item premium-sub-menu-item\"><a href=\"https:\/\/sofapiano.com\/es\/b2-real-life-sentences\/\" class=\"premium-menu-link premium-sub-menu-link\">Frases cotidianas<\/a><\/li>\n\t<li id=\"premium-nav-menu-item-50612\" class=\"menu-item menu-item-type-post_type menu-item-object-page premium-nav-menu-item premium-sub-menu-item\"><a href=\"https:\/\/sofapiano.com\/es\/b2-grammar-in-context\/\" class=\"premium-menu-link premium-sub-menu-link\">Gram\u00e1tica en contexto<\/a><\/li>\n<\/ul>\n<\/li>\n<\/ul>\t\t\t\t\t\t\t\t\t\t\t\t\t\t<\/div>\n\t\t\t\t\t\t\t\t\t\t<\/div>\n\t\t\t<\/div>\n\t\t\t\t\t\t\t<\/div>\n\t\t\t\t<\/div>\n\t\t\t\t\t<\/div>\n\t\t\t\t<\/div>\n\t\t<div class=\"elementor-element elementor-element-755ca8f e-flex e-con-boxed e-con e-parent\" data-id=\"755ca8f\" data-element_type=\"container\" data-e-type=\"container\" data-settings=\"{&quot;background_background&quot;:&quot;classic&quot;}\">\n\t\t\t\t\t<div class=\"e-con-inner\">\n\t\t\t\t<div class=\"elementor-element elementor-element-521fbe5 elementor-widget elementor-widget-text-editor\" data-id=\"521fbe5\" data-element_type=\"widget\" data-e-type=\"widget\" data-widget_type=\"text-editor.default\">\n\t\t\t\t\t\t\t\t\t<p class=\"isSelectedEnd\"><strong>Terms of Use<\/strong><\/p><ol start=\"1\" data-spread=\"true\"><li><strong>Scope<\/strong><br \/>These Terms govern the use of this website and its content.<\/li><li><strong>Content Disclaimer<\/strong><br \/>This website displays educational content, including videos provided via YouTube.<br \/>We do not own or control third-party content and assume no liability for its accuracy, legality, or availability.<\/li><li><strong>No Professional Advice<\/strong><br \/>The content provided on this website is for informational and educational purposes only and does not constitute professional advice.<\/li><li><strong>Donations<\/strong><br \/>Donations made to this website are voluntary and non-refundable unless otherwise stated.<\/li><li><strong>Intellectual Property<\/strong><br \/>All original content on this website is protected by applicable copyright laws. Third-party content remains the property of its respective owners.<\/li><li><strong>Limitation of Liability<\/strong><br \/>We are not liable for:<\/li><\/ol><ul data-spread=\"false\"><li>Errors or omissions in content<\/li><li>Interruptions or technical issues<\/li><li>Damages arising from the use of this website<\/li><\/ul><ol start=\"7\" data-spread=\"true\"><li><strong>External Links<\/strong><br \/>This website may contain links to external websites. We are not responsible for their content or practices.<\/li><li><strong>Changes to Terms<\/strong><br \/>We reserve the right to modify these Terms at any time.<\/li><li><strong>Governing Law<\/strong><br \/>These Terms shall be governed by applicable international and local laws, depending on the user&#8217;s location.<\/li><\/ol>\t\t\t\t\t\t\t\t<\/div>\n\t\t\t\t\t<\/div>\n\t\t\t\t<\/div>\n\t\t<div class=\"elementor-element elementor-element-440ea0d e-flex e-con-boxed e-con e-parent\" data-id=\"440ea0d\" data-element_type=\"container\" data-e-type=\"container\" data-settings=\"{&quot;background_background&quot;:&quot;classic&quot;}\">\n\t\t\t\t\t<div class=\"e-con-inner\">\n\t\t<div class=\"elementor-element elementor-element-ba2e348 e-con-full e-flex e-con e-child\" data-id=\"ba2e348\" data-element_type=\"container\" data-e-type=\"container\" data-settings=\"{&quot;background_background&quot;:&quot;classic&quot;}\">\n\t\t<div class=\"elementor-element elementor-element-44fb008 e-con-full e-flex e-con e-child\" data-id=\"44fb008\" data-element_type=\"container\" data-e-type=\"container\">\n\t\t\t\t<div class=\"elementor-element elementor-element-c3948a6 elementor-widget elementor-widget-heading\" data-id=\"c3948a6\" data-element_type=\"widget\" data-e-type=\"widget\" data-widget_type=\"heading.default\">\n\t\t\t\t\t<h2 class=\"elementor-heading-title elementor-size-default\">sofapiano<\/h2>\t\t\t\t<\/div>\n\t\t\t\t<\/div>\n\t\t\t\t<div class=\"elementor-element elementor-element-4a61d0c elementor-widget elementor-widget-image\" data-id=\"4a61d0c\" data-element_type=\"widget\" data-e-type=\"widget\" data-widget_type=\"image.default\">\n\t\t\t\t\t\t\t\t\t\t\t\t\t\t\t<img fetchpriority=\"high\" decoding=\"async\" width=\"300\" height=\"278\" src=\"https:\/\/sofapiano.com\/wp-content\/uploads\/2026\/03\/Adobe-Express-file.png\" class=\"attachment-medium size-medium wp-image-2252\" alt=\"\" \/>\t\t\t\t\t\t\t\t\t\t\t\t\t\t\t<\/div>\n\t\t\t\t<div class=\"elementor-element elementor-element-61c48bc elementor-widget elementor-widget-heading\" data-id=\"61c48bc\" data-element_type=\"widget\" data-e-type=\"widget\" data-widget_type=\"heading.default\">\n\t\t\t\t\t<h2 class=\"elementor-heading-title elementor-size-default\">Designed for German Teachers &amp; Students<\/h2>\t\t\t\t<\/div>\n\t\t\t\t<\/div>\n\t\t\t\t\t<\/div>\n\t\t\t\t<\/div>\n\t\t\t\t<\/div>","protected":false},"excerpt":{"rendered":"<p>German A1 Real Life Sentences Grammer in Context German A2 Real Life Sentences Grammer in Context German B1 Real Life Sentences Grammer in Context German B2 Real Life Sentences Grammer in Context German C1 Real Life Sentences Grammer in Context Tools &#038; More My Sentences Context Search Listening Trainer Pronunciation Trainer Quiz Get a Workbook [&hellip;]<\/p>\n","protected":false},"author":1,"featured_media":0,"parent":0,"menu_order":0,"comment_status":"closed","ping_status":"closed","template":"","meta":{"footnotes":""},"class_list":["post-3867","page","type-page","status-publish","hentry"],"yoast_head":"<!-- This site is optimized with the Yoast SEO plugin v27.5 - https:\/\/yoast.com\/product\/yoast-seo-wordpress\/ -->\n<title>Terms of Use - sofapiano<\/title>\n<meta name=\"robots\" content=\"index, follow, max-snippet:-1, max-image-preview:large, max-video-preview:-1\" \/>\n<link rel=\"canonical\" href=\"https:\/\/sofapiano.com\/es\/terms-of-use\/\" \/>\n<meta property=\"og:locale\" content=\"es_ES\" \/>\n<meta property=\"og:type\" content=\"article\" \/>\n<meta property=\"og:title\" content=\"Terms of Use - sofapiano\" \/>\n<meta property=\"og:description\" content=\"German A1 Real Life Sentences Grammer in Context German A2 Real Life Sentences Grammer in Context German B1 Real Life Sentences Grammer in Context German B2 Real Life Sentences Grammer in Context German C1 Real Life Sentences Grammer in Context Tools &#038; More My Sentences Context Search Listening Trainer Pronunciation Trainer Quiz Get a Workbook [&hellip;]\" \/>\n<meta property=\"og:url\" content=\"https:\/\/sofapiano.com\/es\/terms-of-use\/\" \/>\n<meta property=\"og:site_name\" content=\"sofapiano\" \/>\n<meta property=\"article:modified_time\" content=\"2026-04-20T09:09:39+00:00\" \/>\n<meta property=\"og:image\" content=\"http:\/\/sofapiano.com\/wp-content\/uploads\/2026\/03\/Adobe-Express-file.png\" \/>\n<meta name=\"twitter:card\" content=\"summary_large_image\" \/>\n<meta name=\"twitter:label1\" content=\"Tiempo de lectura\" \/>\n\t<meta name=\"twitter:data1\" content=\"1 minuto\" \/>\n<script type=\"application\/ld+json\" class=\"yoast-schema-graph\">{\"@context\":\"https:\\\/\\\/schema.org\",\"@graph\":[{\"@type\":\"WebPage\",\"@id\":\"https:\\\/\\\/sofapiano.com\\\/terms-of-use\\\/\",\"url\":\"https:\\\/\\\/sofapiano.com\\\/terms-of-use\\\/\",\"name\":\"Terms of Use - sofapiano\",\"isPartOf\":{\"@id\":\"https:\\\/\\\/sofapiano.com\\\/#website\"},\"primaryImageOfPage\":{\"@id\":\"https:\\\/\\\/sofapiano.com\\\/terms-of-use\\\/#primaryimage\"},\"image\":{\"@id\":\"https:\\\/\\\/sofapiano.com\\\/terms-of-use\\\/#primaryimage\"},\"thumbnailUrl\":\"http:\\\/\\\/sofapiano.com\\\/wp-content\\\/uploads\\\/2026\\\/03\\\/Adobe-Express-file.png\",\"datePublished\":\"2026-04-20T08:16:46+00:00\",\"dateModified\":\"2026-04-20T09:09:39+00:00\",\"breadcrumb\":{\"@id\":\"https:\\\/\\\/sofapiano.com\\\/terms-of-use\\\/#breadcrumb\"},\"inLanguage\":\"es\",\"potentialAction\":[{\"@type\":\"ReadAction\",\"target\":[\"https:\\\/\\\/sofapiano.com\\\/terms-of-use\\\/\"]}]},{\"@type\":\"ImageObject\",\"inLanguage\":\"es\",\"@id\":\"https:\\\/\\\/sofapiano.com\\\/terms-of-use\\\/#primaryimage\",\"url\":\"http:\\\/\\\/sofapiano.com\\\/wp-content\\\/uploads\\\/2026\\\/03\\\/Adobe-Express-file.png\",\"contentUrl\":\"http:\\\/\\\/sofapiano.com\\\/wp-content\\\/uploads\\\/2026\\\/03\\\/Adobe-Express-file.png\"},{\"@type\":\"BreadcrumbList\",\"@id\":\"https:\\\/\\\/sofapiano.com\\\/terms-of-use\\\/#breadcrumb\",\"itemListElement\":[{\"@type\":\"ListItem\",\"position\":1,\"name\":\"Start\",\"item\":\"https:\\\/\\\/sofapiano.com\\\/\"},{\"@type\":\"ListItem\",\"position\":2,\"name\":\"Terms of Use\"}]},{\"@type\":\"WebSite\",\"@id\":\"https:\\\/\\\/sofapiano.com\\\/#website\",\"url\":\"https:\\\/\\\/sofapiano.com\\\/\",\"name\":\"sofapiano\",\"description\":\"Learn German through translation\",\"publisher\":{\"@id\":\"https:\\\/\\\/sofapiano.com\\\/#organization\"},\"potentialAction\":[{\"@type\":\"SearchAction\",\"target\":{\"@type\":\"EntryPoint\",\"urlTemplate\":\"https:\\\/\\\/sofapiano.com\\\/?s={search_term_string}\"},\"query-input\":{\"@type\":\"PropertyValueSpecification\",\"valueRequired\":true,\"valueName\":\"search_term_string\"}}],\"inLanguage\":\"es\"},{\"@type\":\"Organization\",\"@id\":\"https:\\\/\\\/sofapiano.com\\\/#organization\",\"name\":\"sofapiano\",\"url\":\"https:\\\/\\\/sofapiano.com\\\/\",\"logo\":{\"@type\":\"ImageObject\",\"inLanguage\":\"es\",\"@id\":\"https:\\\/\\\/sofapiano.com\\\/#\\\/schema\\\/logo\\\/image\\\/\",\"url\":\"https:\\\/\\\/sofapiano.com\\\/wp-content\\\/uploads\\\/2026\\\/04\\\/Bild-27-4-26-um-16.34.jpeg\",\"contentUrl\":\"https:\\\/\\\/sofapiano.com\\\/wp-content\\\/uploads\\\/2026\\\/04\\\/Bild-27-4-26-um-16.34.jpeg\",\"width\":1946,\"height\":1272,\"caption\":\"sofapiano\"},\"image\":{\"@id\":\"https:\\\/\\\/sofapiano.com\\\/#\\\/schema\\\/logo\\\/image\\\/\"}}]}<\/script>\n<!-- \/ Yoast SEO plugin. -->","yoast_head_json":{"title":"Terms of Use - sofapiano","robots":{"index":"index","follow":"follow","max-snippet":"max-snippet:-1","max-image-preview":"max-image-preview:large","max-video-preview":"max-video-preview:-1"},"canonical":"https:\/\/sofapiano.com\/es\/terms-of-use\/","og_locale":"es_ES","og_type":"article","og_title":"Terms of Use - sofapiano","og_description":"German A1 Real Life Sentences Grammer in Context German A2 Real Life Sentences Grammer in Context German B1 Real Life Sentences Grammer in Context German B2 Real Life Sentences Grammer in Context German C1 Real Life Sentences Grammer in Context Tools &#038; More My Sentences Context Search Listening Trainer Pronunciation Trainer Quiz Get a Workbook [&hellip;]","og_url":"https:\/\/sofapiano.com\/es\/terms-of-use\/","og_site_name":"sofapiano","article_modified_time":"2026-04-20T09:09:39+00:00","og_image":[{"url":"http:\/\/sofapiano.com\/wp-content\/uploads\/2026\/03\/Adobe-Express-file.png","type":"","width":"","height":""}],"twitter_card":"summary_large_image","twitter_misc":{"Tiempo de lectura":"1 minuto"},"schema":{"@context":"https:\/\/schema.org","@graph":[{"@type":"WebPage","@id":"https:\/\/sofapiano.com\/terms-of-use\/","url":"https:\/\/sofapiano.com\/terms-of-use\/","name":"Terms of Use - sofapiano","isPartOf":{"@id":"https:\/\/sofapiano.com\/#website"},"primaryImageOfPage":{"@id":"https:\/\/sofapiano.com\/terms-of-use\/#primaryimage"},"image":{"@id":"https:\/\/sofapiano.com\/terms-of-use\/#primaryimage"},"thumbnailUrl":"http:\/\/sofapiano.com\/wp-content\/uploads\/2026\/03\/Adobe-Express-file.png","datePublished":"2026-04-20T08:16:46+00:00","dateModified":"2026-04-20T09:09:39+00:00","breadcrumb":{"@id":"https:\/\/sofapiano.com\/terms-of-use\/#breadcrumb"},"inLanguage":"es","potentialAction":[{"@type":"ReadAction","target":["https:\/\/sofapiano.com\/terms-of-use\/"]}]},{"@type":"ImageObject","inLanguage":"es","@id":"https:\/\/sofapiano.com\/terms-of-use\/#primaryimage","url":"http:\/\/sofapiano.com\/wp-content\/uploads\/2026\/03\/Adobe-Express-file.png","contentUrl":"http:\/\/sofapiano.com\/wp-content\/uploads\/2026\/03\/Adobe-Express-file.png"},{"@type":"BreadcrumbList","@id":"https:\/\/sofapiano.com\/terms-of-use\/#breadcrumb","itemListElement":[{"@type":"ListItem","position":1,"name":"Start","item":"https:\/\/sofapiano.com\/"},{"@type":"ListItem","position":2,"name":"Terms of Use"}]},{"@type":"WebSite","@id":"https:\/\/sofapiano.com\/#website","url":"https:\/\/sofapiano.com\/","name":"sofapiano","description":"Aprende alem\u00e1n a trav\u00e9s de la traducci\u00f3n","publisher":{"@id":"https:\/\/sofapiano.com\/#organization"},"potentialAction":[{"@type":"SearchAction","target":{"@type":"EntryPoint","urlTemplate":"https:\/\/sofapiano.com\/?s={search_term_string}"},"query-input":{"@type":"PropertyValueSpecification","valueRequired":true,"valueName":"search_term_string"}}],"inLanguage":"es"},{"@type":"Organization","@id":"https:\/\/sofapiano.com\/#organization","name":"sofapiano","url":"https:\/\/sofapiano.com\/","logo":{"@type":"ImageObject","inLanguage":"es","@id":"https:\/\/sofapiano.com\/#\/schema\/logo\/image\/","url":"https:\/\/sofapiano.com\/wp-content\/uploads\/2026\/04\/Bild-27-4-26-um-16.34.jpeg","contentUrl":"https:\/\/sofapiano.com\/wp-content\/uploads\/2026\/04\/Bild-27-4-26-um-16.34.jpeg","width":1946,"height":1272,"caption":"sofapiano"},"image":{"@id":"https:\/\/sofapiano.com\/#\/schema\/logo\/image\/"}}]}},"_links":{"self":[{"href":"https:\/\/sofapiano.com\/es\/wp-json\/wp\/v2\/pages\/3867","targetHints":{"allow":["GET"]}}],"collection":[{"href":"https:\/\/sofapiano.com\/es\/wp-json\/wp\/v2\/pages"}],"about":[{"href":"https:\/\/sofapiano.com\/es\/wp-json\/wp\/v2\/types\/page"}],"author":[{"embeddable":true,"href":"https:\/\/sofapiano.com\/es\/wp-json\/wp\/v2\/users\/1"}],"replies":[{"embeddable":true,"href":"https:\/\/sofapiano.com\/es\/wp-json\/wp\/v2\/comments?post=3867"}],"version-history":[{"count":0,"href":"https:\/\/sofapiano.com\/es\/wp-json\/wp\/v2\/pages\/3867\/revisions"}],"wp:attachment":[{"href":"https:\/\/sofapiano.com\/es\/wp-json\/wp\/v2\/media?parent=3867"}],"curies":[{"name":"wp","href":"https:\/\/api.w.org\/{rel}","templated":true}]}}