{"id":1916,"date":"2026-04-08T14:38:34","date_gmt":"2026-04-08T14:38:34","guid":{"rendered":"http:\/\/sofapiano.com\/?page_id=1916"},"modified":"2026-04-28T12:56:28","modified_gmt":"2026-04-28T12:56:28","slug":"support-website","status":"publish","type":"page","link":"https:\/\/sofapiano.com\/es\/support-website\/","title":{"rendered":"Support Website"},"content":{"rendered":"<div data-elementor-type=\"wp-page\" data-elementor-id=\"1916\" class=\"elementor elementor-1916\">\n\t\t\t\t<div class=\"elementor-element elementor-element-58908be5 e-flex e-con-boxed e-con e-parent\" data-id=\"58908be5\" data-element_type=\"container\" data-e-type=\"container\" data-settings=\"{&quot;background_background&quot;:&quot;classic&quot;}\">\n\t\t\t\t\t<div class=\"e-con-inner\">\n\t\t\t\t<div class=\"elementor-element elementor-element-1c53a1d6 premium-nav-hor premium-nav-none premium-ham-dropdown elementor-widget elementor-widget-premium-nav-menu\" data-id=\"1c53a1d6\" data-element_type=\"widget\" data-e-type=\"widget\" data-settings=\"{&quot;submenu_icon&quot;:{&quot;value&quot;:&quot;fas fa-angle-down&quot;,&quot;library&quot;:&quot;fa-solid&quot;},&quot;submenu_item_icon&quot;:{&quot;value&quot;:&quot;&quot;,&quot;library&quot;:&quot;&quot;}}\" data-widget_type=\"premium-nav-menu.default\">\n\t\t\t\t<div class=\"elementor-widget-container\">\n\t\t\t\t\t\t\t<div data-settings=\"{&quot;breakpoint&quot;:1024,&quot;mobileLayout&quot;:&quot;dropdown&quot;,&quot;mainLayout&quot;:&quot;hor&quot;,&quot;stretchDropdown&quot;:true,&quot;hoverEffect&quot;:&quot;&quot;,&quot;submenuEvent&quot;:&quot;hover&quot;,&quot;submenuTrigger&quot;:&quot;item&quot;,&quot;closeAfterClick&quot;:false,&quot;renderMobileMenu&quot;:true}\" class=\"premium-nav-widget-container premium-nav-pointer-none premium-stretch-dropdown\" style=\"visibility:hidden; opacity:0;\">\n\t\t\t<div class=\"premium-ver-inner-container\">\n\t\t\t\t\t\t\t\t\t<div class=\"premium-hamburger-toggle premium-mobile-menu-icon\" role=\"button\" aria-label=\"Toggle Menu\">\n\t\t\t\t\t\t<span class=\"premium-toggle-text\">\n\t\t\t\t\t\t\t<i aria-hidden=\"true\" class=\"fas fa-bars\"><\/i>\t\t\t\t\t\t<\/span>\n\t\t\t\t\t\t<span class=\"premium-toggle-close\">\n\t\t\t\t\t\t\t<i aria-hidden=\"true\" class=\"fas fa-times\"><\/i>\t\t\t\t\t\t<\/span>\n\t\t\t\t\t<\/div>\n\t\t\t\t\t\t\t\t\t\t\t<div class=\"premium-nav-menu-container premium-nav-default\">\n\t\t\t\t\t\t\t<ul id=\"menu-header-a1-b2\" class=\"premium-nav-menu premium-main-nav-menu\"><li id=\"premium-nav-menu-item-467\" class=\"menu-item menu-item-type-custom menu-item-object-custom menu-item-has-children premium-nav-menu-item premium-item-anchor\"><a href=\"#\" class=\"premium-menu-link premium-menu-link-parent premium-lq__none\">Alem\u00e1n A1<i class=\"fas fa-angle-down premium-dropdown-icon\"><\/i><\/a>\n<ul class=\"premium-sub-menu premium-lq__none\">\n\t<li id=\"premium-nav-menu-item-83\" class=\"menu-item menu-item-type-post_type menu-item-object-page premium-nav-menu-item premium-sub-menu-item\"><a href=\"https:\/\/sofapiano.com\/es\/a1-real-life-sentences\/\" class=\"premium-menu-link premium-sub-menu-link\">Frases cotidianas<\/a><\/li>\n\t<li id=\"premium-nav-menu-item-86\" class=\"menu-item menu-item-type-post_type menu-item-object-page premium-nav-menu-item premium-sub-menu-item\"><a href=\"https:\/\/sofapiano.com\/es\/a1-grammar-in-context\/\" class=\"premium-menu-link premium-sub-menu-link\">Gram\u00e1tica en contexto<\/a><\/li>\n<\/ul>\n<\/li>\n<li id=\"premium-nav-menu-item-468\" class=\"menu-item menu-item-type-custom menu-item-object-custom menu-item-has-children premium-nav-menu-item premium-item-anchor\"><a href=\"#\" class=\"premium-menu-link premium-menu-link-parent premium-lq__none\">Alem\u00e1n A2<i class=\"fas fa-angle-down premium-dropdown-icon\"><\/i><\/a>\n<ul class=\"premium-sub-menu premium-lq__none\">\n\t<li id=\"premium-nav-menu-item-479\" class=\"menu-item menu-item-type-post_type menu-item-object-page premium-nav-menu-item premium-sub-menu-item\"><a href=\"https:\/\/sofapiano.com\/es\/a2-real-life-sentences\/\" class=\"premium-menu-link premium-sub-menu-link\">Frases cotidianas<\/a><\/li>\n\t<li id=\"premium-nav-menu-item-481\" class=\"menu-item menu-item-type-post_type menu-item-object-page premium-nav-menu-item premium-sub-menu-item\"><a href=\"https:\/\/sofapiano.com\/es\/a2-grammar-in-context\/\" class=\"premium-menu-link premium-sub-menu-link\">Gram\u00e1tica en contexto<\/a><\/li>\n<\/ul>\n<\/li>\n<li id=\"premium-nav-menu-item-469\" class=\"menu-item menu-item-type-custom menu-item-object-custom menu-item-has-children premium-nav-menu-item premium-item-anchor\"><a href=\"#\" class=\"premium-menu-link premium-menu-link-parent premium-lq__none\">Alem\u00e1n B1<i class=\"fas fa-angle-down premium-dropdown-icon\"><\/i><\/a>\n<ul class=\"premium-sub-menu premium-lq__none\">\n\t<li id=\"premium-nav-menu-item-489\" class=\"menu-item menu-item-type-post_type menu-item-object-page premium-nav-menu-item premium-sub-menu-item\"><a href=\"https:\/\/sofapiano.com\/es\/b1-real-life-sentences\/\" class=\"premium-menu-link premium-sub-menu-link\">Frases cotidianas<\/a><\/li>\n\t<li id=\"premium-nav-menu-item-503\" class=\"menu-item menu-item-type-post_type menu-item-object-page premium-nav-menu-item premium-sub-menu-item\"><a href=\"https:\/\/sofapiano.com\/es\/b1-grammar-in-context\/\" class=\"premium-menu-link premium-sub-menu-link\">Gram\u00e1tica en contexto<\/a><\/li>\n<\/ul>\n<\/li>\n<li id=\"premium-nav-menu-item-470\" class=\"menu-item menu-item-type-custom menu-item-object-custom menu-item-has-children premium-nav-menu-item premium-item-anchor\"><a href=\"#\" class=\"premium-menu-link premium-menu-link-parent premium-lq__none\">Alem\u00e1n B2<i class=\"fas fa-angle-down premium-dropdown-icon\"><\/i><\/a>\n<ul class=\"premium-sub-menu premium-lq__none\">\n\t<li id=\"premium-nav-menu-item-492\" class=\"menu-item menu-item-type-post_type menu-item-object-page premium-nav-menu-item premium-sub-menu-item\"><a href=\"https:\/\/sofapiano.com\/es\/b2-real-life-sentences\/\" class=\"premium-menu-link premium-sub-menu-link\">Frases cotidianas<\/a><\/li>\n\t<li id=\"premium-nav-menu-item-506\" class=\"menu-item menu-item-type-post_type menu-item-object-page premium-nav-menu-item premium-sub-menu-item\"><a href=\"https:\/\/sofapiano.com\/es\/b2-grammar-in-context\/\" class=\"premium-menu-link premium-sub-menu-link\">Gram\u00e1tica en contexto<\/a><\/li>\n<\/ul>\n<\/li>\n<\/ul>\t\t\t\t\t\t<\/div>\n\t\t\t\t\t\t\t\t\t\t\t\t<div class=\"premium-mobile-menu-container\">\n\t\t\t\t\t\t\t\t\t\t\t\t\t\t\t<ul id=\"menu-header-a1-b2-1\" class=\"premium-mobile-menu premium-main-mobile-menu premium-main-nav-menu\"><li id=\"premium-nav-menu-item-4671\" class=\"menu-item menu-item-type-custom menu-item-object-custom menu-item-has-children premium-nav-menu-item premium-item-anchor\"><a href=\"#\" class=\"premium-menu-link premium-menu-link-parent premium-lq__none\">Alem\u00e1n A1<i class=\"fas fa-angle-down premium-dropdown-icon\"><\/i><\/a>\n<ul class=\"premium-sub-menu premium-lq__none\">\n\t<li id=\"premium-nav-menu-item-832\" class=\"menu-item menu-item-type-post_type menu-item-object-page premium-nav-menu-item premium-sub-menu-item\"><a href=\"https:\/\/sofapiano.com\/es\/a1-real-life-sentences\/\" class=\"premium-menu-link premium-sub-menu-link\">Frases cotidianas<\/a><\/li>\n\t<li id=\"premium-nav-menu-item-863\" class=\"menu-item menu-item-type-post_type menu-item-object-page premium-nav-menu-item premium-sub-menu-item\"><a href=\"https:\/\/sofapiano.com\/es\/a1-grammar-in-context\/\" class=\"premium-menu-link premium-sub-menu-link\">Gram\u00e1tica en contexto<\/a><\/li>\n<\/ul>\n<\/li>\n<li id=\"premium-nav-menu-item-4684\" class=\"menu-item menu-item-type-custom menu-item-object-custom menu-item-has-children premium-nav-menu-item premium-item-anchor\"><a href=\"#\" class=\"premium-menu-link premium-menu-link-parent premium-lq__none\">Alem\u00e1n A2<i class=\"fas fa-angle-down premium-dropdown-icon\"><\/i><\/a>\n<ul class=\"premium-sub-menu premium-lq__none\">\n\t<li id=\"premium-nav-menu-item-4795\" class=\"menu-item menu-item-type-post_type menu-item-object-page premium-nav-menu-item premium-sub-menu-item\"><a href=\"https:\/\/sofapiano.com\/es\/a2-real-life-sentences\/\" class=\"premium-menu-link premium-sub-menu-link\">Frases cotidianas<\/a><\/li>\n\t<li id=\"premium-nav-menu-item-4816\" class=\"menu-item menu-item-type-post_type menu-item-object-page premium-nav-menu-item premium-sub-menu-item\"><a href=\"https:\/\/sofapiano.com\/es\/a2-grammar-in-context\/\" class=\"premium-menu-link premium-sub-menu-link\">Gram\u00e1tica en contexto<\/a><\/li>\n<\/ul>\n<\/li>\n<li id=\"premium-nav-menu-item-4697\" class=\"menu-item menu-item-type-custom menu-item-object-custom menu-item-has-children premium-nav-menu-item premium-item-anchor\"><a href=\"#\" class=\"premium-menu-link premium-menu-link-parent premium-lq__none\">Alem\u00e1n B1<i class=\"fas fa-angle-down premium-dropdown-icon\"><\/i><\/a>\n<ul class=\"premium-sub-menu premium-lq__none\">\n\t<li id=\"premium-nav-menu-item-4898\" class=\"menu-item menu-item-type-post_type menu-item-object-page premium-nav-menu-item premium-sub-menu-item\"><a href=\"https:\/\/sofapiano.com\/es\/b1-real-life-sentences\/\" class=\"premium-menu-link premium-sub-menu-link\">Frases cotidianas<\/a><\/li>\n\t<li id=\"premium-nav-menu-item-5039\" class=\"menu-item menu-item-type-post_type menu-item-object-page premium-nav-menu-item premium-sub-menu-item\"><a href=\"https:\/\/sofapiano.com\/es\/b1-grammar-in-context\/\" class=\"premium-menu-link premium-sub-menu-link\">Gram\u00e1tica en contexto<\/a><\/li>\n<\/ul>\n<\/li>\n<li id=\"premium-nav-menu-item-47010\" class=\"menu-item menu-item-type-custom menu-item-object-custom menu-item-has-children premium-nav-menu-item premium-item-anchor\"><a href=\"#\" class=\"premium-menu-link premium-menu-link-parent premium-lq__none\">Alem\u00e1n B2<i class=\"fas fa-angle-down premium-dropdown-icon\"><\/i><\/a>\n<ul class=\"premium-sub-menu premium-lq__none\">\n\t<li id=\"premium-nav-menu-item-49211\" class=\"menu-item menu-item-type-post_type menu-item-object-page premium-nav-menu-item premium-sub-menu-item\"><a href=\"https:\/\/sofapiano.com\/es\/b2-real-life-sentences\/\" class=\"premium-menu-link premium-sub-menu-link\">Frases cotidianas<\/a><\/li>\n\t<li id=\"premium-nav-menu-item-50612\" class=\"menu-item menu-item-type-post_type menu-item-object-page premium-nav-menu-item premium-sub-menu-item\"><a href=\"https:\/\/sofapiano.com\/es\/b2-grammar-in-context\/\" class=\"premium-menu-link premium-sub-menu-link\">Gram\u00e1tica en contexto<\/a><\/li>\n<\/ul>\n<\/li>\n<\/ul>\t\t\t\t\t\t\t\t\t\t\t\t\t\t<\/div>\n\t\t\t\t\t\t\t\t\t\t<\/div>\n\t\t\t<\/div>\n\t\t\t\t\t\t\t<\/div>\n\t\t\t\t<\/div>\n\t\t\t\t\t<\/div>\n\t\t\t\t<\/div>\n\t\t<div class=\"elementor-element elementor-element-311553d6 e-flex e-con-boxed e-con e-parent\" data-id=\"311553d6\" data-element_type=\"container\" data-e-type=\"container\" data-settings=\"{&quot;background_background&quot;:&quot;classic&quot;}\">\n\t\t\t\t\t<div class=\"e-con-inner\">\n\t\t\t\t<div class=\"elementor-element elementor-element-54b8aad6 elementor-widget elementor-widget-heading\" data-id=\"54b8aad6\" data-element_type=\"widget\" data-e-type=\"widget\" data-widget_type=\"heading.default\">\n\t\t\t\t\t<h2 class=\"elementor-heading-title elementor-size-default\">Support Sofapiano<\/h2>\t\t\t\t<\/div>\n\t\t\t\t\t<\/div>\n\t\t\t\t<\/div>\n\t\t<div class=\"elementor-element elementor-element-7b042afc e-flex e-con-boxed e-con e-parent\" data-id=\"7b042afc\" data-element_type=\"container\" data-e-type=\"container\" data-settings=\"{&quot;background_background&quot;:&quot;classic&quot;}\">\n\t\t\t\t\t<div class=\"e-con-inner\">\n\t\t\t\t<div class=\"elementor-element elementor-element-643ffdf elementor-widget elementor-widget-text-editor\" data-id=\"643ffdf\" data-element_type=\"widget\" data-e-type=\"widget\" data-widget_type=\"text-editor.default\">\n\t\t\t\t\t\t\t\t\t<h2>Appreciate this site?<\/h2><p>If you find this site useful, please consider making a contribution. You can donate via PayPal or credit card &#8211; both offer secure payment options.<\/p><h2 data-start=\"339\" data-end=\"361\">Your support helps us to:\u00a0<\/h2><ul><li><span style=\"background-color: transparent;\">Maintain and improve infrastructure<\/span><\/li><li><span style=\"background-color: transparent;\">Develop new features and add more languages<\/span><\/li><li>Create more native speaker approved sentences<\/li><li>Create mobile apps for iOS and Android<\/li><\/ul><div>\u00a0<\/div><h2 data-start=\"505\" data-end=\"705\">Other ways to contribute:<\/h2><p data-start=\"505\" data-end=\"705\"><span style=\"color: inherit; font-family: inherit; font-size: 1rem;\">You can help by testing features, assisting with translations, or providing feedback. Even simply using Sofapiano and sharing it with others makes a difference.<\/span><\/p><h5 data-start=\"707\" data-end=\"741\">\u00a0<\/h5><h5 data-start=\"707\" data-end=\"741\">Thank you for supporting Sofapiano!<\/h5>\t\t\t\t\t\t\t\t<\/div>\n\t\t\t\t\t<\/div>\n\t\t\t\t<\/div>\n\t\t<div class=\"elementor-element elementor-element-290c75ed e-flex e-con-boxed e-con e-parent\" data-id=\"290c75ed\" data-element_type=\"container\" data-e-type=\"container\" data-settings=\"{&quot;background_background&quot;:&quot;classic&quot;}\">\n\t\t\t\t\t<div class=\"e-con-inner\">\n\t\t\t\t<div class=\"elementor-element elementor-element-39914727 elementor-widget elementor-widget-image\" data-id=\"39914727\" data-element_type=\"widget\" data-e-type=\"widget\" data-widget_type=\"image.default\">\n\t\t\t\t\t\t\t\t\t\t\t\t\t\t\t\t<a href=\"https:\/\/sofapiano.com\/es\/\">\n\t\t\t\t\t\t\t<img fetchpriority=\"high\" decoding=\"async\" width=\"300\" height=\"196\" src=\"https:\/\/sofapiano.com\/wp-content\/uploads\/2026\/04\/Bild_27-4-26_um_16.34-removebg-preview-300x196.png\" class=\"attachment-medium size-medium wp-image-5012\" alt=\"\" srcset=\"https:\/\/sofapiano.com\/wp-content\/uploads\/2026\/04\/Bild_27-4-26_um_16.34-removebg-preview-300x196.png 300w, https:\/\/sofapiano.com\/wp-content\/uploads\/2026\/04\/elementor\/thumbs\/Bild_27-4-26_um_16.34-removebg-preview-rmmp07afd9f5wlbqb64sjgr1vqj9oegk0d4u4fbu8o.png 90w, https:\/\/sofapiano.com\/wp-content\/uploads\/2026\/04\/Bild_27-4-26_um_16.34-removebg-preview.png 618w\" sizes=\"(max-width: 300px) 100vw, 300px\" \/>\t\t\t\t\t\t\t\t<\/a>\n\t\t\t\t\t\t\t\t\t\t\t\t\t\t\t<\/div>\n\t\t\t\t<div class=\"elementor-element elementor-element-6caf698c elementor-widget elementor-widget-heading\" data-id=\"6caf698c\" data-element_type=\"widget\" data-e-type=\"widget\" data-widget_type=\"heading.default\">\n\t\t\t\t\t<h2 class=\"elementor-heading-title elementor-size-default\">Designed for German Teachers &amp; Students<\/h2>\t\t\t\t<\/div>\n\t\t\t\t<div class=\"elementor-element elementor-element-111d5aaf elementor-widget__width-inherit elementor-widget-divider--view-line elementor-widget elementor-widget-divider\" data-id=\"111d5aaf\" data-element_type=\"widget\" data-e-type=\"widget\" data-widget_type=\"divider.default\">\n\t\t\t\t\t\t\t<div class=\"elementor-divider\">\n\t\t\t<span class=\"elementor-divider-separator\">\n\t\t\t\t\t\t<\/span>\n\t\t<\/div>\n\t\t\t\t\t\t<\/div>\n\t\t\t\t\t<\/div>\n\t\t\t\t<\/div>\n\t\t\t\t<\/div>","protected":false},"excerpt":{"rendered":"<p>German A1 Real Life Sentences Grammer in Context German A2 Real Life Sentences Grammer in Context German B1 Real Life Sentences Grammer in Context German B2 Real Life Sentences Grammer in Context Tools &#038; More Test your Level Special Sentences Context Search Listening Trainer How to Pronounce Get a Workbook Quiz Cookie Notice German A1 [&hellip;]<\/p>\n","protected":false},"author":1,"featured_media":0,"parent":0,"menu_order":0,"comment_status":"closed","ping_status":"closed","template":"","meta":{"footnotes":""},"class_list":["post-1916","page","type-page","status-publish","hentry"],"yoast_head":"<!-- This site is optimized with the Yoast SEO plugin v27.5 - https:\/\/yoast.com\/product\/yoast-seo-wordpress\/ -->\n<title>Support Website - sofapiano<\/title>\n<meta name=\"robots\" content=\"index, follow, max-snippet:-1, max-image-preview:large, max-video-preview:-1\" \/>\n<link rel=\"canonical\" href=\"https:\/\/sofapiano.com\/es\/support-website\/\" \/>\n<meta property=\"og:locale\" content=\"es_ES\" \/>\n<meta property=\"og:type\" content=\"article\" \/>\n<meta property=\"og:title\" content=\"Support Website - sofapiano\" \/>\n<meta property=\"og:description\" content=\"German A1 Real Life Sentences Grammer in Context German A2 Real Life Sentences Grammer in Context German B1 Real Life Sentences Grammer in Context German B2 Real Life Sentences Grammer in Context Tools &#038; More Test your Level Special Sentences Context Search Listening Trainer How to Pronounce Get a Workbook Quiz Cookie Notice German A1 [&hellip;]\" \/>\n<meta property=\"og:url\" content=\"https:\/\/sofapiano.com\/es\/support-website\/\" \/>\n<meta property=\"og:site_name\" content=\"sofapiano\" \/>\n<meta property=\"article:modified_time\" content=\"2026-04-28T12:56:28+00:00\" \/>\n<meta property=\"og:image\" content=\"https:\/\/sofapiano.com\/wp-content\/uploads\/2026\/04\/Bild_27-4-26_um_16.34-removebg-preview.png\" \/>\n\t<meta property=\"og:image:width\" content=\"618\" \/>\n\t<meta property=\"og:image:height\" content=\"404\" \/>\n\t<meta property=\"og:image:type\" content=\"image\/png\" \/>\n<meta name=\"twitter:card\" content=\"summary_large_image\" \/>\n<meta name=\"twitter:label1\" content=\"Tiempo de lectura\" \/>\n\t<meta name=\"twitter:data1\" content=\"1 minuto\" \/>\n<script type=\"application\/ld+json\" class=\"yoast-schema-graph\">{\"@context\":\"https:\\\/\\\/schema.org\",\"@graph\":[{\"@type\":\"WebPage\",\"@id\":\"https:\\\/\\\/sofapiano.com\\\/support-website\\\/\",\"url\":\"https:\\\/\\\/sofapiano.com\\\/support-website\\\/\",\"name\":\"Support Website - sofapiano\",\"isPartOf\":{\"@id\":\"https:\\\/\\\/sofapiano.com\\\/#website\"},\"primaryImageOfPage\":{\"@id\":\"https:\\\/\\\/sofapiano.com\\\/support-website\\\/#primaryimage\"},\"image\":{\"@id\":\"https:\\\/\\\/sofapiano.com\\\/support-website\\\/#primaryimage\"},\"thumbnailUrl\":\"https:\\\/\\\/sofapiano.com\\\/wp-content\\\/uploads\\\/2026\\\/04\\\/Bild_27-4-26_um_16.34-removebg-preview-300x196.png\",\"datePublished\":\"2026-04-08T14:38:34+00:00\",\"dateModified\":\"2026-04-28T12:56:28+00:00\",\"breadcrumb\":{\"@id\":\"https:\\\/\\\/sofapiano.com\\\/support-website\\\/#breadcrumb\"},\"inLanguage\":\"es\",\"potentialAction\":[{\"@type\":\"ReadAction\",\"target\":[\"https:\\\/\\\/sofapiano.com\\\/support-website\\\/\"]}]},{\"@type\":\"ImageObject\",\"inLanguage\":\"es\",\"@id\":\"https:\\\/\\\/sofapiano.com\\\/support-website\\\/#primaryimage\",\"url\":\"https:\\\/\\\/sofapiano.com\\\/wp-content\\\/uploads\\\/2026\\\/04\\\/Bild_27-4-26_um_16.34-removebg-preview-300x196.png\",\"contentUrl\":\"https:\\\/\\\/sofapiano.com\\\/wp-content\\\/uploads\\\/2026\\\/04\\\/Bild_27-4-26_um_16.34-removebg-preview-300x196.png\"},{\"@type\":\"BreadcrumbList\",\"@id\":\"https:\\\/\\\/sofapiano.com\\\/support-website\\\/#breadcrumb\",\"itemListElement\":[{\"@type\":\"ListItem\",\"position\":1,\"name\":\"Start\",\"item\":\"https:\\\/\\\/sofapiano.com\\\/\"},{\"@type\":\"ListItem\",\"position\":2,\"name\":\"Support Website\"}]},{\"@type\":\"WebSite\",\"@id\":\"https:\\\/\\\/sofapiano.com\\\/#website\",\"url\":\"https:\\\/\\\/sofapiano.com\\\/\",\"name\":\"sofapiano\",\"description\":\"Learn German through translation\",\"publisher\":{\"@id\":\"https:\\\/\\\/sofapiano.com\\\/#organization\"},\"potentialAction\":[{\"@type\":\"SearchAction\",\"target\":{\"@type\":\"EntryPoint\",\"urlTemplate\":\"https:\\\/\\\/sofapiano.com\\\/?s={search_term_string}\"},\"query-input\":{\"@type\":\"PropertyValueSpecification\",\"valueRequired\":true,\"valueName\":\"search_term_string\"}}],\"inLanguage\":\"es\"},{\"@type\":\"Organization\",\"@id\":\"https:\\\/\\\/sofapiano.com\\\/#organization\",\"name\":\"sofapiano\",\"url\":\"https:\\\/\\\/sofapiano.com\\\/\",\"logo\":{\"@type\":\"ImageObject\",\"inLanguage\":\"es\",\"@id\":\"https:\\\/\\\/sofapiano.com\\\/#\\\/schema\\\/logo\\\/image\\\/\",\"url\":\"https:\\\/\\\/sofapiano.com\\\/wp-content\\\/uploads\\\/2026\\\/04\\\/Bild-27-4-26-um-16.34.jpeg\",\"contentUrl\":\"https:\\\/\\\/sofapiano.com\\\/wp-content\\\/uploads\\\/2026\\\/04\\\/Bild-27-4-26-um-16.34.jpeg\",\"width\":1946,\"height\":1272,\"caption\":\"sofapiano\"},\"image\":{\"@id\":\"https:\\\/\\\/sofapiano.com\\\/#\\\/schema\\\/logo\\\/image\\\/\"}}]}<\/script>\n<!-- \/ Yoast SEO plugin. -->","yoast_head_json":{"title":"Support Website - sofapiano","robots":{"index":"index","follow":"follow","max-snippet":"max-snippet:-1","max-image-preview":"max-image-preview:large","max-video-preview":"max-video-preview:-1"},"canonical":"https:\/\/sofapiano.com\/es\/support-website\/","og_locale":"es_ES","og_type":"article","og_title":"Support Website - sofapiano","og_description":"German A1 Real Life Sentences Grammer in Context German A2 Real Life Sentences Grammer in Context German B1 Real Life Sentences Grammer in Context German B2 Real Life Sentences Grammer in Context Tools &#038; More Test your Level Special Sentences Context Search Listening Trainer How to Pronounce Get a Workbook Quiz Cookie Notice German A1 [&hellip;]","og_url":"https:\/\/sofapiano.com\/es\/support-website\/","og_site_name":"sofapiano","article_modified_time":"2026-04-28T12:56:28+00:00","og_image":[{"width":618,"height":404,"url":"https:\/\/sofapiano.com\/wp-content\/uploads\/2026\/04\/Bild_27-4-26_um_16.34-removebg-preview.png","type":"image\/png"}],"twitter_card":"summary_large_image","twitter_misc":{"Tiempo de lectura":"1 minuto"},"schema":{"@context":"https:\/\/schema.org","@graph":[{"@type":"WebPage","@id":"https:\/\/sofapiano.com\/support-website\/","url":"https:\/\/sofapiano.com\/support-website\/","name":"Support Website - sofapiano","isPartOf":{"@id":"https:\/\/sofapiano.com\/#website"},"primaryImageOfPage":{"@id":"https:\/\/sofapiano.com\/support-website\/#primaryimage"},"image":{"@id":"https:\/\/sofapiano.com\/support-website\/#primaryimage"},"thumbnailUrl":"https:\/\/sofapiano.com\/wp-content\/uploads\/2026\/04\/Bild_27-4-26_um_16.34-removebg-preview-300x196.png","datePublished":"2026-04-08T14:38:34+00:00","dateModified":"2026-04-28T12:56:28+00:00","breadcrumb":{"@id":"https:\/\/sofapiano.com\/support-website\/#breadcrumb"},"inLanguage":"es","potentialAction":[{"@type":"ReadAction","target":["https:\/\/sofapiano.com\/support-website\/"]}]},{"@type":"ImageObject","inLanguage":"es","@id":"https:\/\/sofapiano.com\/support-website\/#primaryimage","url":"https:\/\/sofapiano.com\/wp-content\/uploads\/2026\/04\/Bild_27-4-26_um_16.34-removebg-preview-300x196.png","contentUrl":"https:\/\/sofapiano.com\/wp-content\/uploads\/2026\/04\/Bild_27-4-26_um_16.34-removebg-preview-300x196.png"},{"@type":"BreadcrumbList","@id":"https:\/\/sofapiano.com\/support-website\/#breadcrumb","itemListElement":[{"@type":"ListItem","position":1,"name":"Start","item":"https:\/\/sofapiano.com\/"},{"@type":"ListItem","position":2,"name":"Support Website"}]},{"@type":"WebSite","@id":"https:\/\/sofapiano.com\/#website","url":"https:\/\/sofapiano.com\/","name":"sofapiano","description":"Aprende alem\u00e1n a trav\u00e9s de la traducci\u00f3n","publisher":{"@id":"https:\/\/sofapiano.com\/#organization"},"potentialAction":[{"@type":"SearchAction","target":{"@type":"EntryPoint","urlTemplate":"https:\/\/sofapiano.com\/?s={search_term_string}"},"query-input":{"@type":"PropertyValueSpecification","valueRequired":true,"valueName":"search_term_string"}}],"inLanguage":"es"},{"@type":"Organization","@id":"https:\/\/sofapiano.com\/#organization","name":"sofapiano","url":"https:\/\/sofapiano.com\/","logo":{"@type":"ImageObject","inLanguage":"es","@id":"https:\/\/sofapiano.com\/#\/schema\/logo\/image\/","url":"https:\/\/sofapiano.com\/wp-content\/uploads\/2026\/04\/Bild-27-4-26-um-16.34.jpeg","contentUrl":"https:\/\/sofapiano.com\/wp-content\/uploads\/2026\/04\/Bild-27-4-26-um-16.34.jpeg","width":1946,"height":1272,"caption":"sofapiano"},"image":{"@id":"https:\/\/sofapiano.com\/#\/schema\/logo\/image\/"}}]}},"_links":{"self":[{"href":"https:\/\/sofapiano.com\/es\/wp-json\/wp\/v2\/pages\/1916","targetHints":{"allow":["GET"]}}],"collection":[{"href":"https:\/\/sofapiano.com\/es\/wp-json\/wp\/v2\/pages"}],"about":[{"href":"https:\/\/sofapiano.com\/es\/wp-json\/wp\/v2\/types\/page"}],"author":[{"embeddable":true,"href":"https:\/\/sofapiano.com\/es\/wp-json\/wp\/v2\/users\/1"}],"replies":[{"embeddable":true,"href":"https:\/\/sofapiano.com\/es\/wp-json\/wp\/v2\/comments?post=1916"}],"version-history":[{"count":0,"href":"https:\/\/sofapiano.com\/es\/wp-json\/wp\/v2\/pages\/1916\/revisions"}],"wp:attachment":[{"href":"https:\/\/sofapiano.com\/es\/wp-json\/wp\/v2\/media?parent=1916"}],"curies":[{"name":"wp","href":"https:\/\/api.w.org\/{rel}","templated":true}]}}